{"id":10061,"date":"2022-11-04T16:58:46","date_gmt":"2022-11-04T15:58:46","guid":{"rendered":"https:\/\/www.sylviebiollu.com\/site\/?post_type=product&#038;p=10061"},"modified":"2025-12-02T00:34:39","modified_gmt":"2025-12-01T23:34:39","slug":"collier-plaque-or-bonne-fortune-45cm","status":"publish","type":"product","link":"https:\/\/www.sylviebiollu.com\/site\/collier-plaque-or-bonne-fortune-45cm\/","title":{"rendered":"Collier Bonne Fortune"},"content":{"rendered":"","protected":false},"excerpt":{"rendered":"<h2>Collier plaqu\u00e9 or avec chaine de longueur 45 cm, pi\u00e8ce en plaqu\u00e9 or et petite labradorite.<\/h2>\n<h2><span style=\"color: #333333;font-size: 1rem\">Ornements : m\u00e9daille frapp\u00e9e r\u00e9publique fran\u00e7aise et Marianne de 15 mm<br \/>\nagr\u00e9ment\u00e9e d&#8217;une petite pierre naturelle labradorite suspendue de 5 mm.<\/span><\/h2>\n","protected":false},"featured_media":10064,"comment_status":"closed","ping_status":"closed","template":"","meta":[],"product_brand":[383],"product_cat":[6],"product_tag":[428,178,449,450,154,128,369],"class_list":{"0":"post-10061","1":"product","2":"type-product","3":"status-publish","4":"has-post-thumbnail","6":"product_brand-sylvie-biollu","7":"product_cat-colliers","8":"product_tag-dore","9":"product_tag-labradorite","10":"product_tag-maille-dore","11":"product_tag-medaille","12":"product_tag-pierre-naturelle","13":"product_tag-plaque-or","14":"product_tag-symbole","16":"first","17":"instock","18":"shipping-taxable","19":"purchasable","20":"product-type-simple"},"_links":{"self":[{"href":"https:\/\/www.sylviebiollu.com\/site\/wp-json\/wp\/v2\/product\/10061","targetHints":{"allow":["GET"]}}],"collection":[{"href":"https:\/\/www.sylviebiollu.com\/site\/wp-json\/wp\/v2\/product"}],"about":[{"href":"https:\/\/www.sylviebiollu.com\/site\/wp-json\/wp\/v2\/types\/product"}],"replies":[{"embeddable":true,"href":"https:\/\/www.sylviebiollu.com\/site\/wp-json\/wp\/v2\/comments?post=10061"}],"version-history":[{"count":5,"href":"https:\/\/www.sylviebiollu.com\/site\/wp-json\/wp\/v2\/product\/10061\/revisions"}],"predecessor-version":[{"id":11729,"href":"https:\/\/www.sylviebiollu.com\/site\/wp-json\/wp\/v2\/product\/10061\/revisions\/11729"}],"wp:featuredmedia":[{"embeddable":true,"href":"https:\/\/www.sylviebiollu.com\/site\/wp-json\/wp\/v2\/media\/10064"}],"wp:attachment":[{"href":"https:\/\/www.sylviebiollu.com\/site\/wp-json\/wp\/v2\/media?parent=10061"}],"wp:term":[{"taxonomy":"product_brand","embeddable":true,"href":"https:\/\/www.sylviebiollu.com\/site\/wp-json\/wp\/v2\/product_brand?post=10061"},{"taxonomy":"product_cat","embeddable":true,"href":"https:\/\/www.sylviebiollu.com\/site\/wp-json\/wp\/v2\/product_cat?post=10061"},{"taxonomy":"product_tag","embeddable":true,"href":"https:\/\/www.sylviebiollu.com\/site\/wp-json\/wp\/v2\/product_tag?post=10061"}],"curies":[{"name":"wp","href":"https:\/\/api.w.org\/{rel}","templated":true}]}}