{"id":10049,"date":"2022-11-04T16:26:56","date_gmt":"2022-11-04T15:26:56","guid":{"rendered":"https:\/\/www.sylviebiollu.com\/site\/?post_type=product&#038;p=10049"},"modified":"2025-12-02T21:27:53","modified_gmt":"2025-12-02T20:27:53","slug":"collier-argent-mon-arbre-45-cm","status":"publish","type":"product","link":"https:\/\/www.sylviebiollu.com\/site\/collier-argent-mon-arbre-45-cm\/","title":{"rendered":"Collier argent Mon Arbre 45 cm"},"content":{"rendered":"","protected":false},"excerpt":{"rendered":"<h2>Collier argent avec\u00a0cha\u00eene maille florentine longueur 45cm avec pi\u00e8ce de nacre et motif arbre de vie en argent.<\/h2>\n<p>Ornements :\u00a0pendentif avec une m\u00e9daille en nacre de 15 mm et une m\u00e9daille superpos\u00e9e en argent de 10 mm motif arbre de vie.<\/p>\n","protected":false},"featured_media":10050,"comment_status":"closed","ping_status":"closed","template":"","meta":[],"product_brand":[383],"product_cat":[116,6],"product_tag":[135,125,123,369],"class_list":{"0":"post-10049","1":"product","2":"type-product","3":"status-publish","4":"has-post-thumbnail","6":"product_brand-sylvie-biollu","7":"product_cat-nouveautes","8":"product_cat-colliers","9":"product_tag-arbre-de-vie","10":"product_tag-argent","11":"product_tag-nacre","12":"product_tag-symbole","14":"first","15":"instock","16":"shipping-taxable","17":"purchasable","18":"product-type-simple"},"_links":{"self":[{"href":"https:\/\/www.sylviebiollu.com\/site\/wp-json\/wp\/v2\/product\/10049","targetHints":{"allow":["GET"]}}],"collection":[{"href":"https:\/\/www.sylviebiollu.com\/site\/wp-json\/wp\/v2\/product"}],"about":[{"href":"https:\/\/www.sylviebiollu.com\/site\/wp-json\/wp\/v2\/types\/product"}],"replies":[{"embeddable":true,"href":"https:\/\/www.sylviebiollu.com\/site\/wp-json\/wp\/v2\/comments?post=10049"}],"version-history":[{"count":2,"href":"https:\/\/www.sylviebiollu.com\/site\/wp-json\/wp\/v2\/product\/10049\/revisions"}],"predecessor-version":[{"id":10153,"href":"https:\/\/www.sylviebiollu.com\/site\/wp-json\/wp\/v2\/product\/10049\/revisions\/10153"}],"wp:featuredmedia":[{"embeddable":true,"href":"https:\/\/www.sylviebiollu.com\/site\/wp-json\/wp\/v2\/media\/10050"}],"wp:attachment":[{"href":"https:\/\/www.sylviebiollu.com\/site\/wp-json\/wp\/v2\/media?parent=10049"}],"wp:term":[{"taxonomy":"product_brand","embeddable":true,"href":"https:\/\/www.sylviebiollu.com\/site\/wp-json\/wp\/v2\/product_brand?post=10049"},{"taxonomy":"product_cat","embeddable":true,"href":"https:\/\/www.sylviebiollu.com\/site\/wp-json\/wp\/v2\/product_cat?post=10049"},{"taxonomy":"product_tag","embeddable":true,"href":"https:\/\/www.sylviebiollu.com\/site\/wp-json\/wp\/v2\/product_tag?post=10049"}],"curies":[{"name":"wp","href":"https:\/\/api.w.org\/{rel}","templated":true}]}}