{"id":48,"date":"2020-04-10T18:20:00","date_gmt":"2020-04-10T16:20:00","guid":{"rendered":"http:\/\/www.sylviebiollu.com\/site\/?page_id=48"},"modified":"2022-01-02T01:36:06","modified_gmt":"2022-01-02T00:36:06","slug":"mentions-legales","status":"publish","type":"page","link":"https:\/\/www.sylviebiollu.com\/site\/mentions-legales\/","title":{"rendered":"Mentions l\u00e9gales"},"content":{"rendered":"\t\t<div data-elementor-type=\"wp-page\" data-elementor-id=\"48\" class=\"elementor elementor-48\">\n\t\t\t\t\t\t<section class=\"elementor-section elementor-top-section elementor-element elementor-element-515a5017 elementor-section-boxed elementor-section-height-default elementor-section-height-default\" data-id=\"515a5017\" data-element_type=\"section\">\n\t\t\t\t\t\t<div class=\"elementor-container elementor-column-gap-default\">\n\t\t\t\t\t<div class=\"elementor-column elementor-col-100 elementor-top-column elementor-element elementor-element-ae9f62d\" data-id=\"ae9f62d\" data-element_type=\"column\">\n\t\t\t<div class=\"elementor-widget-wrap elementor-element-populated\">\n\t\t\t\t\t\t<div class=\"elementor-element elementor-element-5dfb7ba4 elementor-widget elementor-widget-text-editor\" data-id=\"5dfb7ba4\" data-element_type=\"widget\" data-widget_type=\"text-editor.default\">\n\t\t\t\t<div class=\"elementor-widget-container\">\n\t\t\t\t\t\t\t\t\t<article><div><h2 style=\"text-align: left;\">Mentions l\u00e9gales du site Internet<\/h2><h2><span style=\"font-family: inherit; color: var( --e-global-color-text ); font-size: 1rem; font-weight: var( --e-global-typography-text-font-weight );\">Les informations suivantes d\u00e9finissent les termes et conditions d\u2019utilisation de ce site Internet. Veuillez les lire avec attention avant de parcourir le site.<\/span><\/h2><p>www.sylviebiollu.com est un site Internet de la soci\u00e9t\u00e9 SO NICE RCS Versailles 480 467 885. En consultant ce site vous acceptez les conditions d\u2019utilisation d\u00e9crites ci-dessous. So Nice se r\u00e9serve le droit de modifier ces conditions \u00e0 tout moment sans pr\u00e9avis.<\/p><p>Tous les \u00e9l\u00e9ments figurant sur ce site (texte, \u00e9l\u00e9ments graphiques ou multim\u00e9dia) sont la propri\u00e9t\u00e9 de SO NICE ainsi que de leurs auteurs respectifs. Le fait de pouvoir consulter et enregistrer les donn\u00e9es de ce site sur un autre support ne donne en aucun cas le droit d\u2019effacer, de retirer ou de modifier les mentions de copyright figurant sur les ressources de ce site, ou de modifier les ressources elles m\u00eames de ce site. Les donn\u00e9es de ce site sont fournies \u00e0 titre indicatif sans aucune garantie implicite ou explicite. So Nice s\u2019engage \u00e0 ne pas communiquer ou revendre ses informations \u00e0 un tiers sans l\u2019accord du Client.<\/p><p>Conform\u00e9ment \u00e0 la loi \u00ab Informatique et Libert\u00e9s \u00bb, vous b\u00e9n\u00e9ficiez d\u2019un droit d\u2019acc\u00e8s et de rectification aux informations qui vous concernent. Si vous souhaitez exercer ce droit et obtenir communication des informations vous concernant, veuillez vous adresser \u00e0 so-nice@biollu.com \u2013 Num\u00e9ro de d\u00e9claration CNIL : 1996262.<\/p><h2>Utilisation du contenu du site<\/h2><p>L\u2019int\u00e9gralit\u00e9 des donn\u00e9es techniques et\/ou figuratives contenues sur le site www.sylviebiollu.com, incluant les textes, les dessins, les marques, les graphiques, les boutons, logos, ainsi que la pr\u00e9sentation incluant l\u2019ergonomie, sont la propri\u00e9t\u00e9 exclusive de SO NICE. Les contenus sont prot\u00e9g\u00e9s par les lois fran\u00e7aises, europ\u00e9ennes et internationales. Toute utilisation, m\u00eame partielle d\u2019un ou de plusieurs \u00e9l\u00e9ments du site www.sylviebiollu.com, et en particulier de l\u2019installation d\u2019un lien du site www.sylviebiollu.com sur un autre site doit \u00eatre pr\u00e9alablement soumise \u00e0 l\u2019autorisation Formelle de SO NICE.<\/p><h2>H\u00e9bergeur<\/h2><p>Le site www.sylviebiollu.com est h\u00e9berg\u00e9 chez le prestataire <strong><a href=\"https:\/\/www.ionos.fr\/\" target=\"_blank\" rel=\"noopener noreferrer\">I<\/a>ONOS<\/strong><\/p><\/div><\/article>\t\t\t\t\t\t\t\t<\/div>\n\t\t\t\t<\/div>\n\t\t\t\t\t<\/div>\n\t\t<\/div>\n\t\t\t\t\t<\/div>\n\t\t<\/section>\n\t\t\t\t<\/div>\n\t\t","protected":false},"excerpt":{"rendered":"<p>Mentions l\u00e9gales du site Internet Les informations suivantes d\u00e9finissent les termes et conditions d\u2019utilisation de ce site Internet. Veuillez les lire avec attention avant de parcourir le site. www.sylviebiollu.com est un site Internet de la soci\u00e9t\u00e9 SO NICE RCS Versailles 480 467 885. En consultant ce site vous acceptez les conditions d\u2019utilisation d\u00e9crites ci-dessous. So [&#8230;]\n","protected":false},"author":1,"featured_media":0,"parent":0,"menu_order":0,"comment_status":"closed","ping_status":"closed","template":"","meta":{"footnotes":""},"class_list":["post-48","page","type-page","status-publish","hentry"],"_links":{"self":[{"href":"https:\/\/www.sylviebiollu.com\/site\/wp-json\/wp\/v2\/pages\/48","targetHints":{"allow":["GET"]}}],"collection":[{"href":"https:\/\/www.sylviebiollu.com\/site\/wp-json\/wp\/v2\/pages"}],"about":[{"href":"https:\/\/www.sylviebiollu.com\/site\/wp-json\/wp\/v2\/types\/page"}],"author":[{"embeddable":true,"href":"https:\/\/www.sylviebiollu.com\/site\/wp-json\/wp\/v2\/users\/1"}],"replies":[{"embeddable":true,"href":"https:\/\/www.sylviebiollu.com\/site\/wp-json\/wp\/v2\/comments?post=48"}],"version-history":[{"count":27,"href":"https:\/\/www.sylviebiollu.com\/site\/wp-json\/wp\/v2\/pages\/48\/revisions"}],"predecessor-version":[{"id":9387,"href":"https:\/\/www.sylviebiollu.com\/site\/wp-json\/wp\/v2\/pages\/48\/revisions\/9387"}],"wp:attachment":[{"href":"https:\/\/www.sylviebiollu.com\/site\/wp-json\/wp\/v2\/media?parent=48"}],"curies":[{"name":"wp","href":"https:\/\/api.w.org\/{rel}","templated":true}]}}